{"id":450,"date":"2021-04-15T11:27:52","date_gmt":"2021-04-15T11:27:52","guid":{"rendered":"https:\/\/www.aracartandresidency.com\/?page_id=450"},"modified":"2023-08-14T15:37:01","modified_gmt":"2023-08-14T15:37:01","slug":"solo-show-aurora-kiraly","status":"publish","type":"page","link":"https:\/\/www.soarelealbastru.ro\/ro\/solo-show-aurora-kiraly\/","title":{"rendered":"Solo Show Aurora Kir\u00e1ly"},"content":{"rendered":"<p>[et_pb_section fb_built=&#8221;1&#8243; _builder_version=&#8221;4.16&#8243; _module_preset=&#8221;default&#8221; background_color=&#8221;#0000ee&#8221; background_image=&#8221;https:\/\/www.aracartandresidency.com\/wp-content\/uploads\/2021\/04\/Aurora-Kiraly_SD_SN_Balance-is-everything.2021-detail_2000-px-1.jpg&#8221; background_blend=&#8221;multiply&#8221; custom_margin=&#8221;||-93px|||&#8221; custom_padding=&#8221;100px||126px||false|false&#8221; global_colors_info=&#8221;{}&#8221;][\/et_pb_section][et_pb_section fb_built=&#8221;1&#8243; _builder_version=&#8221;4.16&#8243; _module_preset=&#8221;default&#8221; custom_margin=&#8221;34px|||||&#8221; custom_padding=&#8221;45px|||||&#8221; custom_css_after=&#8221;display: block;||content: &#8221;;||width: 30px;||height:30px;||background:red;||border-radius: 50%;||position: absolute;||right: 10vw;||bottom: 10vh;&#8221; global_colors_info=&#8221;{}&#8221;][et_pb_row column_structure=&#8221;2_5,3_5&#8243; _builder_version=&#8221;4.16&#8243; _module_preset=&#8221;default&#8221; global_colors_info=&#8221;{}&#8221;][et_pb_column type=&#8221;2_5&#8243; _builder_version=&#8221;4.16&#8243; _module_preset=&#8221;default&#8221; global_colors_info=&#8221;{}&#8221;][et_pb_image src=&#8221;https:\/\/www.aracartandresidency.com\/wp-content\/uploads\/2021\/04\/Portret-Aurora_by-Nicu-Ilfoveanu-1.jpg&#8221; alt=&#8221;aurora kiraly&#8221; title_text=&#8221;Portret Aurora_by Nicu Ilfoveanu&#8221; module_class=&#8221;artist-picture&#8221; _builder_version=&#8221;4.16&#8243; _module_preset=&#8221;default&#8221; width=&#8221;35%&#8221; max_width=&#8221;35%&#8221; global_colors_info=&#8221;{}&#8221;][\/et_pb_image][et_pb_text module_class=&#8221;artist-name&#8221; _builder_version=&#8221;4.16&#8243; _module_preset=&#8221;default&#8221; text_text_color=&#8221;#333333&#8243; global_colors_info=&#8221;{}&#8221;]Aurora Kir\u00e1ly[\/et_pb_text][et_pb_text _builder_version=&#8221;4.16&#8243; _module_preset=&#8221;default&#8221; text_text_color=&#8221;#333333&#8243; global_colors_info=&#8221;{}&#8221;]Aurora Kir\u00e1ly\u2019s artistic practice is focused mainly on photography as a way of building complex links between events, public and private sphere of experience. Working at the intersection of photography with textile art, drawing or installations, the artist is exploring how the mind records, relives, remembers. She is particularly interested in exploring feminist theories in relation with identity-making and the status of women in society.<\/p>\n<p>Aurora Kir\u00e1ly is a visual artist teaching at the University of Fine Arts in Bucharest and well known for her role in supporting and re-shaping the cultural art-scene in Bucharest as the director of Galeria Nou\u0103 (2001 \u2013 2009).<\/p>\n<p>Her works are part of important private and public collections, exhibited in the following selected shows: 12 Years After. A Survey of Romanian Art in 180 Works (The National Museum of Contemporary Art, RO, 2020 &#8211; 2021); The Show That Never Was (Anca Poterasu Gallery, RO, 2021); Corsets Then &amp; Now (Zina Gallery, RO, 2021); 4 | 14 | 26 degrees east (Anca Poterasu Gallery and l\u00edtost, BE, 2020); In Midst of the Worst, the Best of Times (SUMO \u2013 The Odd year at l\u00edtost Prague, CZ, 2020); A Room of One&#8217;s Own, (NADA Gallery Open NY Harlem CT Collective, US, 2020); In The Eye of The Storm (Anca Poterasu Gallery, RO, 2019); Ex-East. Past and recent stories of the Romanian avant-gardes (Espace Niemeyer, Paris, FR, 2019); At Different Angles (The National Museum of Contemporary Art, RO, 2018); Woman, All Too Woman &#8211; The 3rd Edition of Baroque Urban (Museum of Art, Timi\u0219oara RO, 2018); Orient &#8211; Trauma &amp; Revival: Contemporary Encounters, (Kim? Laikmet\u012bg\u0101s m\u0101kslas centrs, Riga \/ BOZAR Centre for Fine Arts, Brussels \/ Galeria Sztuki Wsp\u00f3\u0142czesnej Bunkier Sztuki, Krak\u00f3w, 2018); Conjectures (solo \u2013 show, Spinnerei Leipzig Project Space, DE, 2018); Constructed Geometries. Space \/ Time \/ Memory (solo \u2013 show, Anca Poterasu Gallery Bucharest, 2017); Life a User&#8217;s Manual (Art Encounters Contemporary Art Biennial, RO, 2017); Reality Check (solo \u2013 show Calina Gallery, Timi\u0219oara RO, 2016); Ex Future (Arcub Gabroveni, RO, 2016); Our History about the Others. Bucharest &#8211; A city seen through four lenses (White Night of the Galleries #10 at Scena9 RO, 2016); Girls with Ideas [Boys and Paintings] (Lateral ArtSpace, Paintbrush Factory, Cluj, RO, 2016); Brain Tatoos &#8211; A Map of Obssesions, (Romanian Cultural Institute Lisbon, PT, 2016); Cut &amp; Paste Histories (Alert Studio, Bucharest, RO, 2015); WHAT ABOUT Y[OUR] MEMORY (The National Museum of Contemporary Art, RO, 2014); Good Girls \u2013 On Memory, Desire, Power (The National Museum of Contemporary Art, Bucharest, RO, 2013); Duet ( Fortress Gallery, T\u00e2rgu Mure\u0219, RO, 2003); Feminine Archaeology (International Center for Contemporary Art, Bucharest, RO, 2000); Melancholia (Sindan Cultural Center, Cluj, RO, 200); Melancholia (GAD Photogallery, Bucharest, RO, 2000); Untitled (International Center for Contemporary Art, Bucharest, RO, 1999).<\/p>\n<p>More info: <a href=\"https:\/\/ancapoterasu.com\/gallery-artists\/aurora-kiraly\/\">www.ancapoterasu.com\/aurora-kir\u00e1ly<\/a>[\/et_pb_text][\/et_pb_column][et_pb_column type=&#8221;3_5&#8243; _builder_version=&#8221;4.16&#8243; _module_preset=&#8221;default&#8221; custom_padding=&#8221;|||20px|false|false&#8221; custom_padding_tablet=&#8221;|||0px|false|false&#8221; custom_padding_phone=&#8221;&#8221; custom_padding_last_edited=&#8221;on|tablet&#8221; border_width_left=&#8221;1px&#8221; border_width_left_tablet=&#8221;0px&#8221; border_width_left_phone=&#8221;&#8221; border_width_left_last_edited=&#8221;on|tablet&#8221; global_colors_info=&#8221;{}&#8221;][et_pb_text _builder_version=&#8221;4.16&#8243; _module_preset=&#8221;default&#8221; text_text_color=&#8221;#333&#8243; header_font=&#8221;|||on|||||&#8221; header_font_size=&#8221;50px&#8221; global_colors_info=&#8221;{}&#8221;]<\/p>\n<h1 id=\"seo_h1_tag\" class=\"_5gmx\" data-testid=\"event-permalink-event-name\">from somewhere other than myself<\/h1>\n<p>8.05 &#8211; 4.07.2021 @ Anca Poterasu Gallery<\/p>\n<p><em>Something happens, but by the time we notice, it has begun without us.Thus, our access to the beginning is necessarily incomplete, fragmentary. (Peggy Phelan)<\/em><\/p>\n<p>Fragments, larger and smaller expand in our mind\u2019s eye, as we build narratives around the traces that branch out in memory. Aurora Kir\u00e1ly starts from personal recollections that she follows down in layers onwards, in shapes and associations with films, novels, poetry and performative actions. A shifting, choreographed universe takes form, where silhouettes emerge out of the flat surface of drawings and photographs in embodied shadows, textile sculptures and experimental photography objects.<\/p>\n<p>The artist focuses on the subjective memory, the half-forgotten moments, the reinterpreted stories in our mind, the connections we make with others. Like never before, we are able to record, store and re-access every detail of our lives. And yet, the faster we collect and the more the images, the more shards of mirrors we hurry to assemble. Departing from immediate reality, Aurora Kir\u00e1ly reconnects what is remembered to what is felt, from translucent moments, to retraced movements in textured thoughts. Sewing, drawing, unravelling, rebuilding become performative actions hidden into the work of memory that feeds into our sense of selves into the world.<\/p>\n<p>The effect of remembrance in relation with photography and to one\u2019s identity has informed Aurora Kir\u00e1ly\u2019s work throughout her career, starting from the Melancholia series (1997 \u2013 1999) and Viewfinder Mock-ups (2016 \u2013 2019), connecting into the more recent Soft Drawings (2020 \u2013 2021) or more obviously, into the Viewfinder Clash series (2021).The experimentation with image making and time-to-memory process registers transformation across mediums, materializing back and forth, from silver gelatin plates and photograms to textile works, in-situ murals and installations.<\/p>\n<p>Aurora Kir\u00e1ly\u2019s cross-medium approach speaks directly to the feminine associated with the domesticity of needle work. It is employed by the artist as a clear statement, reconnecting with the feminism of Louise Bourgeois or Tracey Emin, through the autobiographical. An alternative history of photography unfolds, through subjective narratives, becoming an accomplice and paying homage to the feminist history of performance. Scrutinizing her own personal life and experiences leads to installations such as 50\u2019s or Soft Despair (2020) series, conveying conflict, age, pain and doubt. The dance and theatrical movements of performers including Yvonne Rainer or Mette Ingvartsen fill out the contour of Aurora Kir\u00e1ly\u2019s body in life-sized padded textile shapes. Either captured in a silent scream or in mid-air leaps, movement is transferred in mute installations, all the more powerful for the recognizable voices stored inside, unspoken, unreactive or under the spell of self-censorship. The textile bodies coil around each-other, forming a merged frame of flowing gestures, an overlapping statement on aging, the relation between one\u2019s inhabited body and self-expression.<\/p>\n<p>From felt, to different recycled fabrics, tore-up pieces of clothes are sewed into Aurora Kir\u00e1ly\u2019s Soft Drawings_Subconscious Narratives. Exploring relationships within family life, the ambivalent want for both comfort and escape, the flat surfaces, the overlay of transparencies come together into deeply psychological process. It may be a scene from a well-known TV show, or a relatable picture out of the family album, or the light cast down the ceiling-window of a museum space &#8211; the works connect to the understory that builds up to main events and memories.<\/p>\n<p>An invisible network of lazy afternoons, and frivolous talks, the half-forgotten that adds up to the singular sense of an identity or to a momentous event when the I becomes the stranger.<\/p>\n<p>________________________________________<\/p>\n<p>*Everything without exception which is of value in me comes from somewhere other than myself, not as a gift but as a loan which must be ceaselessly renewed. (Simone Weil, Gravity and Grace, \u201dThe Self\u201d, Taylor &amp; Francis e-Library, 2003, p. 31.)<\/p>\n<p>**Peggy Phelan in \u201dLetters.Dwelling\u201d, in Adrian Heathfield, Out of Now: The Lifeworks of Tehching Hsieeh, 2009, p. 342.<\/p>\n<p>_____________________________________________________<\/p>\n<p style=\"text-align: left;\"><a href=\"https:\/\/www.facebook.com\/events\/830011721195449\">Facebook event<\/a><\/p>\n<p>[\/et_pb_text][et_pb_gallery gallery_ids=&#8221;508,509,510,511,512,513,514,515,516,517,519,521,523,524,525,526,528,531,532,534,535,536,537,538,539,541,542,543,544&#8243; posts_number=&#8221;15&#8243; show_title_and_caption=&#8221;off&#8221; module_class=&#8221;gallery-3&#8243; _builder_version=&#8221;4.16&#8243; _module_preset=&#8221;default&#8221; custom_css_gallery_item=&#8221;width: 30% !important;||margin: 0 5% 5% 0 !important;||clear: none!important;&#8221; global_colors_info=&#8221;{}&#8221;][\/et_pb_gallery][et_pb_code _builder_version=&#8221;4.16&#8243; _module_preset=&#8221;default&#8221; global_colors_info=&#8221;{}&#8221;]<\/p>\n<style><!-- [et_pb_line_break_holder] -->  .et_pb_gallery.gallery-3 .et_pb_gallery_item:nth-child(3n) {<!-- [et_pb_line_break_holder] -->    margin-right: 0!important;<!-- [et_pb_line_break_holder] -->  }<!-- [et_pb_line_break_holder] -->  .et_pb_section_1.et_pb_section {<!-- [et_pb_line_break_holder] -->    min-height: auto;<!-- [et_pb_line_break_holder] -->  }<!-- [et_pb_line_break_holder] -->  p {<!-- [et_pb_line_break_holder] -->    line-height: 1.5em;<!-- [et_pb_line_break_holder] -->    padding-bottom: 1.5em;<!-- [et_pb_line_break_holder] -->  }<!-- [et_pb_line_break_holder] -->  .artist-name {<!-- [et_pb_line_break_holder] -->    margin-bottom: 6px;<!-- [et_pb_line_break_holder] -->  }<!-- [et_pb_line_break_holder] --><\/style>\n<p>[\/et_pb_code][et_pb_code admin_label=&#8221;styles gallery&#8221; _builder_version=&#8221;4.16&#8243; _module_preset=&#8221;default&#8221; global_colors_info=&#8221;{}&#8221;][\/et_pb_code][et_pb_video src=&#8221;https:\/\/www.youtube.com\/watch?v=XmVezD0vdvk&#038;ab_channel=arac&#8221; _builder_version=&#8221;4.16&#8243; _module_preset=&#8221;default&#8221; global_colors_info=&#8221;{}&#8221;][\/et_pb_video][\/et_pb_column][\/et_pb_row][\/et_pb_section]<\/p>","protected":false},"excerpt":{"rendered":"<p>Aurora Kir\u00e1lyAurora Kir\u00e1ly\u2019s artistic practice is focused mainly on photography as a way of building complex links between events, public and private sphere of experience. Working at the intersection of photography with textile art, drawing or installations, the artist is exploring how the mind records, relives, remembers. She is particularly interested in exploring feminist theories [&hellip;]<\/p>","protected":false},"author":1,"featured_media":487,"parent":0,"menu_order":0,"comment_status":"closed","ping_status":"closed","template":"","meta":{"_et_pb_use_builder":"on","_et_pb_old_content":"","_et_gb_content_width":"","footnotes":""},"class_list":["post-450","page","type-page","status-publish","has-post-thumbnail","hentry"],"yoast_head":"<!-- This site is optimized with the Yoast SEO plugin v21.1 - https:\/\/yoast.com\/wordpress\/plugins\/seo\/ -->\n<title>Solo Show Aurora Kir\u00e1ly - Soarele Albastru<\/title>\n<meta name=\"description\" content=\"Aurora Kir\u00e1ly Solo Show: from somewhere other than myself, at Anca Poterasu Gallery Bucharest Photography Textile Art\" \/>\n<meta name=\"robots\" content=\"index, follow, max-snippet:-1, max-image-preview:large, max-video-preview:-1\" \/>\n<link rel=\"canonical\" href=\"https:\/\/www.soarelealbastru.ro\/ro\/solo-show-aurora-kiraly\/\" \/>\n<meta property=\"og:locale\" content=\"ro_RO\" \/>\n<meta property=\"og:type\" content=\"article\" \/>\n<meta property=\"og:title\" content=\"Solo Show Aurora Kir\u00e1ly - Soarele Albastru\" \/>\n<meta property=\"og:description\" content=\"Aurora Kir\u00e1ly Solo Show: from somewhere other than myself, at Anca Poterasu Gallery Bucharest Photography Textile Art\" \/>\n<meta property=\"og:url\" content=\"https:\/\/www.soarelealbastru.ro\/ro\/solo-show-aurora-kiraly\/\" \/>\n<meta property=\"og:site_name\" content=\"Soarele Albastru\" \/>\n<meta property=\"article:modified_time\" content=\"2023-08-14T15:37:01+00:00\" \/>\n<meta name=\"twitter:card\" content=\"summary_large_image\" \/>\n<meta name=\"twitter:label1\" content=\"Timp estimat pentru citire\" \/>\n\t<meta name=\"twitter:data1\" content=\"6 minute\" \/>\n<script type=\"application\/ld+json\" class=\"yoast-schema-graph\">{\"@context\":\"https:\/\/schema.org\",\"@graph\":[{\"@type\":\"WebPage\",\"@id\":\"https:\/\/www.soarelealbastru.ro\/solo-show-aurora-kiraly\/\",\"url\":\"https:\/\/www.soarelealbastru.ro\/solo-show-aurora-kiraly\/\",\"name\":\"Solo Show Aurora Kir\u00e1ly - Soarele Albastru\",\"isPartOf\":{\"@id\":\"https:\/\/www.soarelealbastru.ro\/#website\"},\"datePublished\":\"2021-04-15T11:27:52+00:00\",\"dateModified\":\"2023-08-14T15:37:01+00:00\",\"description\":\"Aurora Kir\u00e1ly Solo Show: from somewhere other than myself, at Anca Poterasu Gallery Bucharest Photography Textile Art\",\"breadcrumb\":{\"@id\":\"https:\/\/www.soarelealbastru.ro\/solo-show-aurora-kiraly\/#breadcrumb\"},\"inLanguage\":\"ro-RO\",\"potentialAction\":[{\"@type\":\"ReadAction\",\"target\":[\"https:\/\/www.soarelealbastru.ro\/solo-show-aurora-kiraly\/\"]}]},{\"@type\":\"BreadcrumbList\",\"@id\":\"https:\/\/www.soarelealbastru.ro\/solo-show-aurora-kiraly\/#breadcrumb\",\"itemListElement\":[{\"@type\":\"ListItem\",\"position\":1,\"name\":\"Home\",\"item\":\"https:\/\/www.soarelealbastru.ro\/\"},{\"@type\":\"ListItem\",\"position\":2,\"name\":\"Solo Show Aurora Kir\u00e1ly\"}]},{\"@type\":\"WebSite\",\"@id\":\"https:\/\/www.soarelealbastru.ro\/#website\",\"url\":\"https:\/\/www.soarelealbastru.ro\/\",\"name\":\"Soarele Albastru\",\"description\":\"\",\"potentialAction\":[{\"@type\":\"SearchAction\",\"target\":{\"@type\":\"EntryPoint\",\"urlTemplate\":\"https:\/\/www.soarelealbastru.ro\/?s={search_term_string}\"},\"query-input\":\"required name=search_term_string\"}],\"inLanguage\":\"ro-RO\"}]}<\/script>\n<!-- \/ Yoast SEO plugin. -->","yoast_head_json":{"title":"Solo Show Aurora Kir\u00e1ly - Soarele Albastru","description":"Aurora Kir\u00e1ly Solo Show: from somewhere other than myself, at Anca Poterasu Gallery Bucharest Photography Textile Art","robots":{"index":"index","follow":"follow","max-snippet":"max-snippet:-1","max-image-preview":"max-image-preview:large","max-video-preview":"max-video-preview:-1"},"canonical":"https:\/\/www.soarelealbastru.ro\/ro\/solo-show-aurora-kiraly\/","og_locale":"ro_RO","og_type":"article","og_title":"Solo Show Aurora Kir\u00e1ly - Soarele Albastru","og_description":"Aurora Kir\u00e1ly Solo Show: from somewhere other than myself, at Anca Poterasu Gallery Bucharest Photography Textile Art","og_url":"https:\/\/www.soarelealbastru.ro\/ro\/solo-show-aurora-kiraly\/","og_site_name":"Soarele Albastru","article_modified_time":"2023-08-14T15:37:01+00:00","twitter_card":"summary_large_image","twitter_misc":{"Timp estimat pentru citire":"6 minute"},"schema":{"@context":"https:\/\/schema.org","@graph":[{"@type":"WebPage","@id":"https:\/\/www.soarelealbastru.ro\/solo-show-aurora-kiraly\/","url":"https:\/\/www.soarelealbastru.ro\/solo-show-aurora-kiraly\/","name":"Solo Show Aurora Kir\u00e1ly - Soarele Albastru","isPartOf":{"@id":"https:\/\/www.soarelealbastru.ro\/#website"},"datePublished":"2021-04-15T11:27:52+00:00","dateModified":"2023-08-14T15:37:01+00:00","description":"Aurora Kir\u00e1ly Solo Show: from somewhere other than myself, at Anca Poterasu Gallery Bucharest Photography Textile Art","breadcrumb":{"@id":"https:\/\/www.soarelealbastru.ro\/solo-show-aurora-kiraly\/#breadcrumb"},"inLanguage":"ro-RO","potentialAction":[{"@type":"ReadAction","target":["https:\/\/www.soarelealbastru.ro\/solo-show-aurora-kiraly\/"]}]},{"@type":"BreadcrumbList","@id":"https:\/\/www.soarelealbastru.ro\/solo-show-aurora-kiraly\/#breadcrumb","itemListElement":[{"@type":"ListItem","position":1,"name":"Home","item":"https:\/\/www.soarelealbastru.ro\/"},{"@type":"ListItem","position":2,"name":"Solo Show Aurora Kir\u00e1ly"}]},{"@type":"WebSite","@id":"https:\/\/www.soarelealbastru.ro\/#website","url":"https:\/\/www.soarelealbastru.ro\/","name":"Soarele Albastru","description":"","potentialAction":[{"@type":"SearchAction","target":{"@type":"EntryPoint","urlTemplate":"https:\/\/www.soarelealbastru.ro\/?s={search_term_string}"},"query-input":"required name=search_term_string"}],"inLanguage":"ro-RO"}]}},"_links":{"self":[{"href":"https:\/\/www.soarelealbastru.ro\/ro\/wp-json\/wp\/v2\/pages\/450","targetHints":{"allow":["GET"]}}],"collection":[{"href":"https:\/\/www.soarelealbastru.ro\/ro\/wp-json\/wp\/v2\/pages"}],"about":[{"href":"https:\/\/www.soarelealbastru.ro\/ro\/wp-json\/wp\/v2\/types\/page"}],"author":[{"embeddable":true,"href":"https:\/\/www.soarelealbastru.ro\/ro\/wp-json\/wp\/v2\/users\/1"}],"replies":[{"embeddable":true,"href":"https:\/\/www.soarelealbastru.ro\/ro\/wp-json\/wp\/v2\/comments?post=450"}],"version-history":[{"count":2,"href":"https:\/\/www.soarelealbastru.ro\/ro\/wp-json\/wp\/v2\/pages\/450\/revisions"}],"predecessor-version":[{"id":2025,"href":"https:\/\/www.soarelealbastru.ro\/ro\/wp-json\/wp\/v2\/pages\/450\/revisions\/2025"}],"wp:featuredmedia":[{"embeddable":true,"href":"https:\/\/www.soarelealbastru.ro\/ro\/wp-json\/"}],"wp:attachment":[{"href":"https:\/\/www.soarelealbastru.ro\/ro\/wp-json\/wp\/v2\/media?parent=450"}],"curies":[{"name":"wp","href":"https:\/\/api.w.org\/{rel}","templated":true}]}}